{"id":56,"date":"2019-04-03T16:51:49","date_gmt":"2019-04-03T14:51:49","guid":{"rendered":"http:\/\/ANR-DFG-MPHASIS.loria.fr\/?page_id=56"},"modified":"2020-10-07T14:22:48","modified_gmt":"2020-10-07T12:22:48","slug":"publications","status":"publish","type":"page","link":"https:\/\/anr-dfg-mphasis.loria.fr\/?page_id=56","title":{"rendered":"Publications"},"content":{"rendered":"<p><strong>Conference talks<\/strong><\/p>\n<ul>\n<li>L. Ascone, \u00ab Immigration et internet : comment les Fran\u00e7ais et les Italiens r\u00e9agissent sur YouTube \u00bb, Conference Migrations : traces, inscriptions et textualit\u00e9s, Bordeaux, 13-14 February 2020.<\/li>\n<li>A. Monnier, A. Seoane, \u00ab Suspendre un \u00e9nonc\u00e9, sous-tendre un jugement : les points de suspension dans des discours haineux sur Internet \u00bb, Conference Faire silence : mat\u00e9rialit\u00e9s, exp\u00e9riences, pouvoirs, EHESS Marseille, 21-24 May 2019.<\/li>\n<li>A. Monnier, A. Seoane, M. Gardenier, \u00ab R\u00e9flexions m\u00e9thodologiques sur le discours haineux anti-migrants \u00bb, French-Italian Conference M\u00e9dias et \u00e9motions. Cat\u00e9gories d\u2019analyse, probl\u00e9matiques, concepts, Universit\u00e9 de Bordeaux, 11-12 April 2019.<\/li>\n<li> M. S\u00fclflow, L. Reiners, S. Sch\u00e4fer, \u201cNutzerkommentare als Stimmungsbarometer? Effekte von Hate Speech in Online-Diskussionen auf die wahrgenommene \u00f6ffentliche Meinung \u00fcber soziale Gruppen, soziale Koh\u00e4sion und polarisierte Einstellungen\u201c, Conference of the Communication and Politics division of the German Communication Association (DGPuK), Mainz, 05\u201307 February 2020 <\/li>\n<\/ul>\n<p><strong>Other online publications<\/strong><\/p>\n<ul>\n<li>A. Monnier, A. Seoane, \u00ab Discours de haine sur Internet \u00bb, in Dictionnaire critique et encyclop\u00e9dique des publics, Centre de recherche sur les m\u00e9diations, TGIR Huma-Num \u2013 CNRS (ISSN 2609-6404), 2019, <a href=\"http:\/\/publictionnaire.huma-num.fr\/notice\/discours-de-haine-sur-linternet\/\">http:\/\/publictionnaire.huma-num.fr\/notice\/discours-de-haine-sur-linternet\/<\/a><\/li>\n<li>A. Monnier, \u00ab Combattre la haine sur Internet : trois d\u00e9fis \u00e0 relever \u00bb, The Conversation France, 20 March 2019,\u00a0 <a href=\"https:\/\/theconversation.com\/combattre-la-haine-sur-internet-trois-defis-a-relever-113385\">https:\/\/theconversation.com\/combattre-la-haine-sur-internet-trois-defis-a-relever-113385<\/a><\/li>\n<\/ul>\n<p><strong>demo paper<\/strong><\/p>\n<ul>\n<li> M. Wolf, D. Ruiter, A. G. D\u2019Sa, L. Reiners, J. Alexandersson, D. Klakow, \u201cHUMAN: Hierarchical Universal Modular Annotator\u201d, Conference on Empirical Methods in Natural Language Processing (virtual conference), 16\u201320 November 2020, <a href=\"https:\/\/arxiv.org\/abs\/2010.01080\">https:\/\/arxiv.org\/abs\/2010.01080<\/a> <\/li>\n","protected":false},"excerpt":{"rendered":"<p>Conference talks L. Ascone, \u00ab Immigration et internet : comment les Fran\u00e7ais et les Italiens r\u00e9agissent sur YouTube \u00bb, Conference Migrations : traces, inscriptions et textualit\u00e9s, Bordeaux, 13-14 February 2020. A. Monnier, A. Seoane, \u00ab Suspendre un \u00e9nonc\u00e9, sous-tendre un &hellip; <a href=\"https:\/\/anr-dfg-mphasis.loria.fr\/?page_id=56\">Continuer la lecture <span class=\"meta-nav\">&rarr;<\/span><\/a><\/p>\n","protected":false},"author":2,"featured_media":0,"parent":0,"menu_order":0,"comment_status":"closed","ping_status":"closed","template":"","meta":[],"_links":{"self":[{"href":"https:\/\/anr-dfg-mphasis.loria.fr\/index.php?rest_route=\/wp\/v2\/pages\/56"}],"collection":[{"href":"https:\/\/anr-dfg-mphasis.loria.fr\/index.php?rest_route=\/wp\/v2\/pages"}],"about":[{"href":"https:\/\/anr-dfg-mphasis.loria.fr\/index.php?rest_route=\/wp\/v2\/types\/page"}],"author":[{"embeddable":true,"href":"https:\/\/anr-dfg-mphasis.loria.fr\/index.php?rest_route=\/wp\/v2\/users\/2"}],"replies":[{"embeddable":true,"href":"https:\/\/anr-dfg-mphasis.loria.fr\/index.php?rest_route=%2Fwp%2Fv2%2Fcomments&post=56"}],"version-history":[{"count":4,"href":"https:\/\/anr-dfg-mphasis.loria.fr\/index.php?rest_route=\/wp\/v2\/pages\/56\/revisions"}],"predecessor-version":[{"id":81,"href":"https:\/\/anr-dfg-mphasis.loria.fr\/index.php?rest_route=\/wp\/v2\/pages\/56\/revisions\/81"}],"wp:attachment":[{"href":"https:\/\/anr-dfg-mphasis.loria.fr\/index.php?rest_route=%2Fwp%2Fv2%2Fmedia&parent=56"}],"curies":[{"name":"wp","href":"https:\/\/api.w.org\/{rel}","templated":true}]}}