{"id":42,"date":"2019-04-03T13:23:25","date_gmt":"2019-04-03T11:23:25","guid":{"rendered":"http:\/\/ANR-DFG-MPHASIS.loria.fr\/?page_id=42"},"modified":"2019-09-05T09:08:19","modified_gmt":"2019-09-05T07:08:19","slug":"people","status":"publish","type":"page","link":"https:\/\/anr-dfg-mphasis.loria.fr\/?page_id=42","title":{"rendered":"Members"},"content":{"rendered":"<table style=\"border: 5px solid #000000;\" width=\"450\" cellspacing=\"0\" cellpadding=\"0\">\n<tbody>\n<tr>\n<td style=\"border: 1px solid #000000;\">Angeliki Monnier<\/td>\n<td style=\"border: 1px solid #000000;\">Universit\u00e9 de Lorraine<\/td>\n<td style=\"border: 1px solid #000000;\">Crem<\/td>\n<\/tr>\n<tr>\n<td style=\"border: 1px solid #000000;\">Annabelle Seoane<\/td>\n<td style=\"border: 1px solid #000000;\">Universit\u00e9 de Lorraine<\/td>\n<td style=\"border: 1px solid #000000;\">Crem<\/td>\n<\/tr>\n<tr>\n<td style=\"border: 1px solid #000000;\">Laura Ascone <\/td>\n<td style=\"border: 1px solid #000000;\">Universit\u00e9 de Lorraine<\/td>\n<td style=\"border: 1px solid #000000;\">Crem<\/td>\n<\/tr>\n<tr>\n<td style=\"border: 1px solid #000000;\">Axel Boursier  <\/td>\n<td style=\"border: 1px solid #000000;\">Universit\u00e9 de Lorraine<\/td>\n<td style=\"border: 1px solid #000000;\">Crem<\/td>\n<\/tr>\n<tr>\n<td style=\"border: 1px solid #000000;\">Nadia Makouar <\/td>\n<td style=\"border: 1px solid #000000;\">Universit\u00e9 de Lorraine<\/td>\n<td style=\"border: 1px solid #000000;\">Crem<\/td>\n<\/tr>\n<tr>\n<td style=\"border: 1px solid #000000;\">Irina Illina<\/td>\n<td style=\"border: 1px solid #000000;\">Loria<\/td>\n<td style=\"border: 1px solid #000000;\">Multispeech Team<\/td>\n<\/tr>\n<tr>\n<td style=\"border: 1px solid #000000;\">Dominique Fohr<\/td>\n<td style=\"border: 1px solid #000000;\">Loria<\/td>\n<td style=\"border: 1px solid #000000;\">Multispeech Team<\/td>\n<\/tr>\n<tr>\n<td style=\"border: 1px solid #000000;\">Ashwin Geet D&rsquo;sa<\/td>\n<td style=\"border: 1px solid #000000;\">Loria<\/td>\n<td style=\"border: 1px solid #000000;\">Multispeech Team<\/td>\n<\/tr>\n<tr>\n<td style=\"border: 1px solid #000000;\">Christian Schemer<\/td>\n<td style=\"border: 1px solid #000000;\">Johannes Gutenberg Universit\u00e4t<\/td>\n<td style=\"border: 1px solid #000000;\">Department of Communication<\/td>\n<\/tr>\n<tr>\n<td style=\"border: 1px solid #000000;\">Liane Reiners<\/td>\n<td style=\"border: 1px solid #000000;\">Johannes Gutenberg Universit\u00e4t<\/td>\n<td style=\"border: 1px solid #000000;\">Department of Communication<\/td>\n<\/tr>\n<tr>\n<td style=\"border: 1px solid #000000;\">Dietrich Klakow<\/td>\n<td style=\"border: 1px solid #000000;\">Universit\u00e4t des Saarlandes<\/td>\n<td style=\"border: 1px solid #000000;\">Spoken Language Systems Group<\/td>\n<\/tr>\n<tr>\n<td style=\"border: 1px solid #000000;\">Dana Ruiter<\/td>\n<td style=\"border: 1px solid #000000;\">Universit\u00e4t des Saarlandes<\/td>\n<td style=\"border: 1px solid #000000;\">Spoken Language Systems Group<\/td>\n<\/tr>\n<tr>\n<td style=\"border: 1px solid #000000;\">Thomas Kleinbauer<\/td>\n<td style=\"border: 1px solid #000000;\">Universit\u00e4t des Saarlandes<\/td>\n<td style=\"border: 1px solid #000000;\">Spoken Language Systems Group<\/td>\n<\/tr>\n<\/tbody>\n<\/table>\n","protected":false},"excerpt":{"rendered":"<p>Angeliki Monnier Universit\u00e9 de Lorraine Crem Annabelle Seoane Universit\u00e9 de Lorraine Crem Laura Ascone Universit\u00e9 de Lorraine Crem Axel Boursier Universit\u00e9 de Lorraine Crem Nadia Makouar Universit\u00e9 de Lorraine Crem Irina Illina Loria Multispeech Team Dominique Fohr Loria Multispeech Team &hellip; <a href=\"https:\/\/anr-dfg-mphasis.loria.fr\/?page_id=42\">Continuer la lecture <span class=\"meta-nav\">&rarr;<\/span><\/a><\/p>\n","protected":false},"author":2,"featured_media":0,"parent":0,"menu_order":0,"comment_status":"closed","ping_status":"closed","template":"","meta":[],"_links":{"self":[{"href":"https:\/\/anr-dfg-mphasis.loria.fr\/index.php?rest_route=\/wp\/v2\/pages\/42"}],"collection":[{"href":"https:\/\/anr-dfg-mphasis.loria.fr\/index.php?rest_route=\/wp\/v2\/pages"}],"about":[{"href":"https:\/\/anr-dfg-mphasis.loria.fr\/index.php?rest_route=\/wp\/v2\/types\/page"}],"author":[{"embeddable":true,"href":"https:\/\/anr-dfg-mphasis.loria.fr\/index.php?rest_route=\/wp\/v2\/users\/2"}],"replies":[{"embeddable":true,"href":"https:\/\/anr-dfg-mphasis.loria.fr\/index.php?rest_route=%2Fwp%2Fv2%2Fcomments&post=42"}],"version-history":[{"count":16,"href":"https:\/\/anr-dfg-mphasis.loria.fr\/index.php?rest_route=\/wp\/v2\/pages\/42\/revisions"}],"predecessor-version":[{"id":76,"href":"https:\/\/anr-dfg-mphasis.loria.fr\/index.php?rest_route=\/wp\/v2\/pages\/42\/revisions\/76"}],"wp:attachment":[{"href":"https:\/\/anr-dfg-mphasis.loria.fr\/index.php?rest_route=%2Fwp%2Fv2%2Fmedia&parent=42"}],"curies":[{"name":"wp","href":"https:\/\/api.w.org\/{rel}","templated":true}]}}